{"id":3,"date":"2024-08-14T08:20:58","date_gmt":"2024-08-14T08:20:58","guid":{"rendered":"http:\/\/digiplaques.fr\/?page_id=3"},"modified":"2025-01-13T12:51:42","modified_gmt":"2025-01-13T10:51:42","slug":"mentions-legales","status":"publish","type":"page","link":"https:\/\/digiplaques.fr\/index.php\/mentions-legales\/","title":{"rendered":"Mentions l\u00e9gales"},"content":{"rendered":"<style>.wp-block-kadence-advancedheading.kt-adv-heading3_6b3cea-13, .wp-block-kadence-advancedheading.kt-adv-heading3_6b3cea-13[data-kb-block=\"kb-adv-heading3_6b3cea-13\"]{max-width:1417px;margin-right:auto;margin-left:auto;text-align:center;font-style:normal;}.wp-block-kadence-advancedheading.kt-adv-heading3_6b3cea-13 mark.kt-highlight, .wp-block-kadence-advancedheading.kt-adv-heading3_6b3cea-13[data-kb-block=\"kb-adv-heading3_6b3cea-13\"] mark.kt-highlight{font-style:normal;color:#f76a0c;-webkit-box-decoration-break:clone;box-decoration-break:clone;padding-top:0px;padding-right:0px;padding-bottom:0px;padding-left:0px;}<\/style>\n<h2 class=\"kt-adv-heading3_6b3cea-13 wp-block-kadence-advancedheading has-theme-palette-7-color has-text-color has-theme-palette-1-background-color has-background\" data-kb-block=\"kb-adv-heading3_6b3cea-13\"><strong>Mentions L\u00e9gales<\/strong><\/h2>\n\n\n<style>.kb-row-layout-id3_e5b6e0-64 > .kt-row-column-wrap{align-content:start;}:where(.kb-row-layout-id3_e5b6e0-64 > .kt-row-column-wrap) > .wp-block-kadence-column{justify-content:start;}.kb-row-layout-id3_e5b6e0-64 > .kt-row-column-wrap{column-gap:var(--global-kb-gap-md, 2rem);row-gap:var(--global-kb-gap-md, 2rem);max-width:1087px;margin-left:auto;margin-right:auto;padding-top:var(--global-kb-spacing-sm, 1.5rem);padding-bottom:var(--global-kb-spacing-sm, 1.5rem);grid-template-columns:minmax(0, 1fr);}.kb-row-layout-id3_e5b6e0-64 > .kt-row-layout-overlay{opacity:0.30;}@media all and (max-width: 1024px){.kb-row-layout-id3_e5b6e0-64 > .kt-row-column-wrap{grid-template-columns:minmax(0, 1fr);}}@media all and (max-width: 767px){.kb-row-layout-id3_e5b6e0-64 > .kt-row-column-wrap{grid-template-columns:minmax(0, 1fr);}}<\/style><div class=\"kb-row-layout-wrap kb-row-layout-id3_e5b6e0-64 alignnone wp-block-kadence-rowlayout\"><div class=\"kt-row-column-wrap kt-has-1-columns kt-row-layout-equal kt-tab-layout-inherit kt-mobile-layout-row kt-row-valign-top\">\n<style>.kadence-column3_abc75a-10 > .kt-inside-inner-col,.kadence-column3_abc75a-10 > .kt-inside-inner-col:before{border-top-left-radius:0px;border-top-right-radius:0px;border-bottom-right-radius:0px;border-bottom-left-radius:0px;}.kadence-column3_abc75a-10 > .kt-inside-inner-col{column-gap:var(--global-kb-gap-sm, 1rem);}.kadence-column3_abc75a-10 > .kt-inside-inner-col{flex-direction:column;}.kadence-column3_abc75a-10 > .kt-inside-inner-col > .aligncenter{width:100%;}.kadence-column3_abc75a-10 > .kt-inside-inner-col:before{opacity:0.3;}.kadence-column3_abc75a-10{position:relative;}@media all and (max-width: 1024px){.kadence-column3_abc75a-10 > .kt-inside-inner-col{flex-direction:column;justify-content:center;}}@media all and (max-width: 767px){.kadence-column3_abc75a-10 > .kt-inside-inner-col{flex-direction:column;justify-content:center;}}<\/style>\n<div class=\"wp-block-kadence-column kadence-column3_abc75a-10\"><div class=\"kt-inside-inner-col\">\n<p>Conform\u00e9ment aux dispositions des articles 6-III et 19 de la Loi pour la Confiance dans l&rsquo;\u00c9conomie Num\u00e9rique (LCEN), nous mettons \u00e0 disposition des visiteurs de notre site [nom du site] les informations l\u00e9gales ci-dessous.<\/p>\n\n\n\n<p><strong>1. \u00c9diteur du site<\/strong><\/p>\n\n\n\n<p>Le site DigiPlaques (ci-apr\u00e8s \u00ab le Site \u00bb) est \u00e9dit\u00e9 par Neels Digital<\/p>\n\n\n\n<p><strong>2. H\u00e9bergeur du site<\/strong><\/p>\n\n\n\n<p>Le site est h\u00e9berg\u00e9 par :<\/p>\n\n\n\n<ul class=\"wp-block-list\">\n<li><strong>Nom de l\u2019h\u00e9bergeur<\/strong> : Hostinger<\/li>\n<\/ul>\n\n\n\n<p><strong>3. Propri\u00e9t\u00e9 intellectuelle<\/strong><\/p>\n\n\n\n<p>Tous les \u00e9l\u00e9ments du site DigiPlaques, y compris les textes, graphismes, images, logos, vid\u00e9os, sons, et ic\u00f4nes, sont prot\u00e9g\u00e9s par les lois relatives \u00e0 la propri\u00e9t\u00e9 intellectuelle et sont la propri\u00e9t\u00e9 exclusive de DigiPlaques ou de ses partenaires. Toute reproduction, distribution, modification, adaptation, retransmission ou publication de ces \u00e9l\u00e9ments, m\u00eame partielle, est strictement interdite sans l&rsquo;accord \u00e9crit de DigiPlaques<\/p>\n\n\n\n<p><strong>4. Responsabilit\u00e9<\/strong><\/p>\n\n\n\n<p>DigiPlaques met tout en \u0153uvre pour fournir sur le site DigiPlaques.fr des informations aussi pr\u00e9cises que possible. Toutefois, nous ne pouvons garantir l\u2019exactitude, la compl\u00e9tude ou l&rsquo;actualit\u00e9 des informations diffus\u00e9es. En cons\u00e9quence, l&rsquo;utilisateur reconna\u00eet utiliser ces informations sous sa responsabilit\u00e9 exclusive.<\/p>\n\n\n\n<p>Les liens hypertextes pr\u00e9sents sur le Site en direction d\u2019autres ressources du r\u00e9seau Internet ne sauraient engager la responsabilit\u00e9 de DigiPlaques.<\/p>\n\n\n\n<p><strong>5. Donn\u00e9es personnelles<\/strong><\/p>\n\n\n\n<p>La collecte et le traitement des donn\u00e9es personnelles sont effectu\u00e9s conform\u00e9ment \u00e0 notre Politique de Confidentialit\u00e9. En utilisant le site DigiPlaques, vous acceptez les pratiques \u00e9nonc\u00e9es dans cette politique.<\/p>\n\n\n\n<p>Conform\u00e9ment au R\u00e8glement G\u00e9n\u00e9ral sur la Protection des Donn\u00e9es (RGPD) et \u00e0 la loi Informatique et Libert\u00e9s, vous disposez de droits relatifs \u00e0 vos donn\u00e9es personnelles. Pour toute demande, contactez-nous \u00e0 contact@digiplaques.fr.<\/p>\n\n\n\n<p><strong>6. Cookies<\/strong><\/p>\n\n\n\n<p>Le site DigiPlaques utilise des cookies pour am\u00e9liorer l&rsquo;exp\u00e9rience utilisateur et analyser le trafic. Vous pouvez g\u00e9rer vos pr\u00e9f\u00e9rences de cookies \u00e0 tout moment en acc\u00e9dant aux param\u00e8tres de votre navigateur. Pour en savoir plus, consultez notre Politique de Cookies.<\/p>\n\n\n\n<p><strong>7. Droit applicable et juridiction comp\u00e9tente<\/strong><\/p>\n\n\n\n<p>Les pr\u00e9sentes mentions l\u00e9gales sont r\u00e9gies par le droit fran\u00e7ais. En cas de litige, et \u00e0 d\u00e9faut de r\u00e9solution amiable, celui-ci sera soumis aux tribunaux comp\u00e9tents du ressort du si\u00e8ge social de DigiPlaques.<\/p>\n\n\n\n<p><\/p>\n<\/div><\/div>\n\n<\/div><\/div>","protected":false},"excerpt":{"rendered":"<p>Mentions L\u00e9gales Conform\u00e9ment aux dispositions des articles 6-III et 19 de la Loi pour la Confiance dans l&rsquo;\u00c9conomie Num\u00e9rique (LCEN), nous mettons \u00e0 disposition des visiteurs de notre site [nom du site] les informations l\u00e9gales ci-dessous. 1. \u00c9diteur du site Le site DigiPlaques (ci-apr\u00e8s \u00ab le Site \u00bb) est \u00e9dit\u00e9 par Neels Digital 2. H\u00e9bergeur&#8230;<\/p>\n","protected":false},"author":1,"featured_media":0,"parent":0,"menu_order":0,"comment_status":"closed","ping_status":"open","template":"","meta":{"inline_featured_image":false,"_kad_blocks_custom_css":"","_kad_blocks_head_custom_js":"","_kad_blocks_body_custom_js":"","_kad_blocks_footer_custom_js":"","_kad_post_transparent":"","_kad_post_title":"hide","_kad_post_layout":"","_kad_post_sidebar_id":"","_kad_post_content_style":"","_kad_post_vertical_padding":"","_kad_post_feature":"","_kad_post_feature_position":"","_kad_post_header":false,"_kad_post_footer":false,"footnotes":""},"class_list":["post-3","page","type-page","status-publish","hentry"],"taxonomy_info":[],"featured_image_src_large":false,"author_info":{"display_name":"kevin.agcom@outlook.fr","author_link":"https:\/\/digiplaques.fr\/index.php\/author\/kevin-agcomoutlook-fr\/"},"comment_info":0,"_links":{"self":[{"href":"https:\/\/digiplaques.fr\/index.php\/wp-json\/wp\/v2\/pages\/3","targetHints":{"allow":["GET"]}}],"collection":[{"href":"https:\/\/digiplaques.fr\/index.php\/wp-json\/wp\/v2\/pages"}],"about":[{"href":"https:\/\/digiplaques.fr\/index.php\/wp-json\/wp\/v2\/types\/page"}],"author":[{"embeddable":true,"href":"https:\/\/digiplaques.fr\/index.php\/wp-json\/wp\/v2\/users\/1"}],"replies":[{"embeddable":true,"href":"https:\/\/digiplaques.fr\/index.php\/wp-json\/wp\/v2\/comments?post=3"}],"version-history":[{"count":4,"href":"https:\/\/digiplaques.fr\/index.php\/wp-json\/wp\/v2\/pages\/3\/revisions"}],"predecessor-version":[{"id":1482,"href":"https:\/\/digiplaques.fr\/index.php\/wp-json\/wp\/v2\/pages\/3\/revisions\/1482"}],"wp:attachment":[{"href":"https:\/\/digiplaques.fr\/index.php\/wp-json\/wp\/v2\/media?parent=3"}],"curies":[{"name":"wp","href":"https:\/\/api.w.org\/{rel}","templated":true}]}}