{"id":1623,"date":"2025-02-11T22:48:56","date_gmt":"2025-02-11T20:48:56","guid":{"rendered":"https:\/\/digiplaques.fr\/?post_type=product&#038;p=1623"},"modified":"2025-02-11T23:19:10","modified_gmt":"2025-02-11T21:19:10","slug":"pack-restaurant-avis-google","status":"publish","type":"product","link":"https:\/\/digiplaques.fr\/index.php\/produit\/pack-restaurant-avis-google\/","title":{"rendered":"Pack restaurant Avis Google"},"content":{"rendered":"<p data-start=\"0\" data-end=\"39\">\ud83d\udce2 <strong data-start=\"3\" data-end=\"37\">PACK SP\u00c9CIAL RESTAURATEUR \ud83c\udf7d\ufe0f\u2728<\/strong><\/p>\n<p data-start=\"0\" data-end=\"39\">Boostez la visibilit\u00e9 de votre restaurant avec notre <strong data-start=\"94\" data-end=\"115\">Pack Restaurateur<\/strong> ! \ud83d\udd25<\/p>\n<p data-start=\"124\" data-end=\"316\">\u2705 <strong data-start=\"126\" data-end=\"154\">1 plaque NFC Google Avis<\/strong> \u2013 Facilitez les avis clients en un simple scan \ud83d\udcf2\u2b50<br data-start=\"205\" data-end=\"208\" \/>\u2705 <strong data-start=\"210\" data-end=\"239\">10 stickers personnalis\u00e9s<\/strong> \u2013 \u00c0 placer sur vos tables, vitrine ou menus pour maximiser l\u2019engagement \ud83d\udccc<\/p>\n<p data-start=\"318\" data-end=\"473\">\ud83d\udcc8 <strong data-start=\"321\" data-end=\"336\">Avantages :<\/strong><br data-start=\"336\" data-end=\"339\" \/>\u2714\ufe0f Plus d\u2019avis positifs en un clic<br data-start=\"373\" data-end=\"376\" \/>\u2714\ufe0f Augmentez votre r\u00e9putation en ligne<br data-start=\"414\" data-end=\"417\" \/>\u2714\ufe0f Attirez plus de clients gr\u00e2ce \u00e0 une image renforc\u00e9e<\/p>\n<p data-start=\"475\" data-end=\"556\">\ud83d\ude80 <strong data-start=\"478\" data-end=\"554\">Un outil simple, efficace et indispensable pour tous les restaurateurs !<\/strong><\/p>\n<p data-start=\"558\" data-end=\"642\">\ud83d\udce9 Commandez d\u00e8s maintenant et donnez un coup de boost \u00e0 votre \u00e9tablissement ! \ud83d\udca1\u2728<\/p>\n<p><strong>Fonctionnement :<\/strong><br \/>\nChaque plaque est \u00e9quip\u00e9e de la technologie NFC (Near Field Communication), permettant \u00e0 vos clients de laisser un avis en approchant simplement leur smartphone de la plaque. Une fois activ\u00e9, le smartphone les redirige automatiquement vers votre page Google My Business, o\u00f9 ils peuvent partager leur exp\u00e9rience en quelques secondes.<\/p>\n<p><strong>Caract\u00e9ristiques :<\/strong><\/p>\n<ul>\n<li><strong>Technologie NFC int\u00e9gr\u00e9e<\/strong> : Pas besoin de QR code ou d&rsquo;application suppl\u00e9mentaire, un simple tapotement suffit.<\/li>\n<li><strong>Dimensions plaque<\/strong>\u00a0: 12&#215;12 cm<\/li>\n<li><strong>Dimensions stickers<\/strong> : 8&#215;8 cm<\/li>\n<li><strong>Compatibilit\u00e9 universelle<\/strong> : Fonctionne avec tous les smartphones compatibles NFC.<\/li>\n<li><strong>Fabriqu\u00e9 en France<\/strong> \ud83c\uddeb\ud83c\uddf7<\/li>\n<\/ul>\n<p><strong>Utilisation :<\/strong><\/p>\n<ol>\n<li>Placez la plaque \u00e0 un endroit visible, pr\u00e8s de la sortie ou du comptoir.<\/li>\n<li>Collez les stickers sur vos tables pour facilitez les clients \u00e0 laisser des avis<\/li>\n<li>Informez vos clients qu&rsquo;ils peuvent laisser un avis en approchant leur smartphone de la plaque.<\/li>\n<li>Encouragez-les avec un petit mot ou une r\u00e9duction en \u00e9change d&rsquo;un avis.<\/li>\n<\/ol>\n","protected":false},"excerpt":{"rendered":"<p>Pack restaurant : 1 plaque NFC + 10 Stickers QR code<\/p>\n<p><strong>Am\u00e9liorez Votre R\u00e9putation en Un Clic \ud83d\ude80<\/strong><\/p>\n<p>Fabriqu\u00e9e en France dans les Vosges \ud83c\uddeb\ud83c\uddf7<\/p>\n<p>Plaque au format 12 x 12 cm &#8211; Puce NFC int\u00e9gr\u00e9e<\/p>\n<p>Stickers au format 8 x 8 cm<\/p>\n","protected":false},"featured_media":1625,"comment_status":"open","ping_status":"closed","template":"","meta":{"inline_featured_image":false,"_kad_blocks_custom_css":"","_kad_blocks_head_custom_js":"","_kad_blocks_body_custom_js":"","_kad_blocks_footer_custom_js":"","_kad_post_transparent":"default","_kad_post_title":"","_kad_post_layout":"default","_kad_post_sidebar_id":"","_kad_post_content_style":"default","_kad_post_vertical_padding":"default","_kad_post_feature":"","_kad_post_feature_position":"","_kad_post_header":false,"_kad_post_footer":false},"product_brand":[],"product_cat":[17,16],"product_tag":[],"class_list":{"0":"post-1623","1":"product","2":"type-product","3":"status-publish","4":"has-post-thumbnail","6":"product_cat-plaque-avis-google","7":"product_cat-plaques-nfc-personnalises","9":"first","10":"instock","11":"shipping-taxable","12":"purchasable","13":"product-type-simple","14":"entry","15":"content-bg","16":"loop-entry"},"taxonomy_info":{"product_cat":[{"value":17,"label":"Plaque Avis Google"},{"value":16,"label":"Plaques NFC personnalis\u00e9es"}]},"featured_image_src_large":["https:\/\/digiplaques.fr\/wp-content\/uploads\/2025\/02\/PACK-RESTAURANT-1-1024x1024.png",1024,1024,true],"author_info":[],"comment_info":0,"_links":{"self":[{"href":"https:\/\/digiplaques.fr\/index.php\/wp-json\/wp\/v2\/product\/1623","targetHints":{"allow":["GET"]}}],"collection":[{"href":"https:\/\/digiplaques.fr\/index.php\/wp-json\/wp\/v2\/product"}],"about":[{"href":"https:\/\/digiplaques.fr\/index.php\/wp-json\/wp\/v2\/types\/product"}],"replies":[{"embeddable":true,"href":"https:\/\/digiplaques.fr\/index.php\/wp-json\/wp\/v2\/comments?post=1623"}],"wp:featuredmedia":[{"embeddable":true,"href":"https:\/\/digiplaques.fr\/index.php\/wp-json\/wp\/v2\/media\/1625"}],"wp:attachment":[{"href":"https:\/\/digiplaques.fr\/index.php\/wp-json\/wp\/v2\/media?parent=1623"}],"wp:term":[{"taxonomy":"product_brand","embeddable":true,"href":"https:\/\/digiplaques.fr\/index.php\/wp-json\/wp\/v2\/product_brand?post=1623"},{"taxonomy":"product_cat","embeddable":true,"href":"https:\/\/digiplaques.fr\/index.php\/wp-json\/wp\/v2\/product_cat?post=1623"},{"taxonomy":"product_tag","embeddable":true,"href":"https:\/\/digiplaques.fr\/index.php\/wp-json\/wp\/v2\/product_tag?post=1623"}],"curies":[{"name":"wp","href":"https:\/\/api.w.org\/{rel}","templated":true}]}}